{"id":248,"date":"2020-11-27T08:22:00","date_gmt":"2020-11-27T08:22:00","guid":{"rendered":"http:\/\/master.numberonerapor.com\/?page_id=248"},"modified":"2021-08-26T06:42:31","modified_gmt":"2021-08-26T06:42:31","slug":"hakkimizda","status":"publish","type":"page","link":"http:\/\/www.thermalaluminyum.com\/en\/hakkimizda\/","title":{"rendered":"About Us"},"content":{"rendered":"<div data-elementor-type=\"wp-page\" data-elementor-id=\"248\" class=\"elementor elementor-248\" data-elementor-settings=\"[]\">\n\t\t\t<div class=\"elementor-inner\">\n\t\t\t\t<div class=\"elementor-section-wrap\">\n\t\t\t\t\t\t\t<section class=\"elementor-element elementor-element-6tvy454 elementor-section-height-min-height elementor-section-boxed elementor-section-height-default elementor-section-items-middle elementor-section elementor-top-section\" data-id=\"6tvy454\" data-element_type=\"section\" data-settings=\"{&quot;background_background&quot;:&quot;classic&quot;}\">\n\t\t\t\t\t\t\t<div class=\"elementor-background-overlay\"><\/div>\n\t\t\t\t\t\t\t<div class=\"elementor-container elementor-column-gap-default\">\n\t\t\t\t<div class=\"elementor-row\">\n\t\t\t\t<div class=\"elementor-element elementor-element-sk8ylc5 elementor-column elementor-col-100 elementor-top-column\" data-id=\"sk8ylc5\" data-element_type=\"column\">\n\t\t\t<div class=\"elementor-column-wrap  elementor-element-populated\">\n\t\t\t\t\t<div class=\"elementor-widget-wrap\">\n\t\t\t\t<div class=\"elementor-element elementor-element-8mmzn2w elementor-widget elementor-widget-heading\" data-id=\"8mmzn2w\" data-element_type=\"widget\" data-widget_type=\"heading.default\">\n\t\t\t\t<div class=\"elementor-widget-container\">\n\t\t\t<h2 class=\"elementor-heading-title elementor-size-default\">About Us<\/h2>\t\t<\/div>\n\t\t\t\t<\/div>\n\t\t\t\t<div class=\"elementor-element elementor-element-vw83nta elementor-widget elementor-widget-divider\" data-id=\"vw83nta\" data-element_type=\"widget\" data-widget_type=\"divider.default\">\n\t\t\t\t<div class=\"elementor-widget-container\">\n\t\t\t\t\t<div class=\"elementor-divider\">\n\t\t\t<span class=\"elementor-divider-separator\">\n\t\t\t\t\t\t<\/span>\n\t\t<\/div>\n\t\t\t\t<\/div>\n\t\t\t\t<\/div>\n\t\t\t\t<section class=\"elementor-element elementor-element-e7a5dce elementor-section-boxed elementor-section-height-default elementor-section-height-default elementor-section elementor-inner-section\" data-id=\"e7a5dce\" data-element_type=\"section\">\n\t\t\t\t\t\t<div class=\"elementor-container elementor-column-gap-default\">\n\t\t\t\t<div class=\"elementor-row\">\n\t\t\t\t<div class=\"elementor-element elementor-element-01073a5 elementor-column elementor-col-100 elementor-inner-column\" data-id=\"01073a5\" data-element_type=\"column\">\n\t\t\t<div class=\"elementor-column-wrap  elementor-element-populated\">\n\t\t\t\t\t<div class=\"elementor-widget-wrap\">\n\t\t\t\t<div class=\"elementor-element elementor-element-5eab190 elementor-aspect-ratio-169 elementor-widget elementor-widget-video\" data-id=\"5eab190\" data-element_type=\"widget\" data-settings=\"{&quot;aspect_ratio&quot;:&quot;169&quot;}\" data-widget_type=\"video.default\">\n\t\t\t\t<div class=\"elementor-widget-container\">\n\t\t\t\t\t<div class=\"elementor-wrapper elementor-fit-aspect-ratio elementor-open-inline\">\n\t\t\t\t\t<video class=\"elementor-video\" src=\"http:\/\/www.thermalaluminyum.com\/wp-content\/uploads\/2021\/05\/intro_01.mp4\" autoplay=\"\" controls=\"\" controlslist=\"nodownload\"><\/video>\n\t\t\t\t<\/div>\n\t\t\t\t<\/div>\n\t\t\t\t<\/div>\n\t\t\t\t\t\t<\/div>\n\t\t\t<\/div>\n\t\t<\/div>\n\t\t\t\t\t\t<\/div>\n\t\t\t<\/div>\n\t\t<\/section>\n\t\t\t\t\t\t<\/div>\n\t\t\t<\/div>\n\t\t<\/div>\n\t\t\t\t\t\t<\/div>\n\t\t\t<\/div>\n\t\t<\/section>\n\t\t\t\t<section class=\"elementor-element elementor-element-8de2f91 elementor-section-boxed elementor-section-height-default elementor-section-height-default elementor-section elementor-top-section\" data-id=\"8de2f91\" data-element_type=\"section\">\n\t\t\t\t\t\t<div class=\"elementor-container elementor-column-gap-default\">\n\t\t\t\t<div class=\"elementor-row\">\n\t\t\t\t<div class=\"elementor-element elementor-element-97j26r1 elementor-column elementor-col-100 elementor-top-column\" data-id=\"97j26r1\" data-element_type=\"column\">\n\t\t\t<div class=\"elementor-column-wrap  elementor-element-populated\">\n\t\t\t\t\t<div class=\"elementor-widget-wrap\">\n\t\t\t\t<div class=\"elementor-element elementor-element-u2ig30t elementor-widget elementor-widget-text-editor\" data-id=\"u2ig30t\" data-element_type=\"widget\" data-widget_type=\"text-editor.default\">\n\t\t\t\t<div class=\"elementor-widget-container\">\n\t\t\t\t\t<div class=\"elementor-text-editor elementor-clearfix\"><p>THERMAL Al\u00fcminyum Giydirme Cephe Sistemleri San. Tic. Ltd. \u015eti. continues its activities in the face of difficulties, with the pride of acquiring a vision of a bright future that has come to this day, by making a name for itself with its success in branding and promoting its commercial reputation in the aluminum sector.<\/p><p>Our ongoing and developing portfolio and the \u201cquality\u201d we offer in line with our principles is the strongest proof of the seriousness and importance of our work. We have no doubt that the energy and inspiration we receive from our valued customers, will lead us to our future positive goals. In this journey we started with you, the solid dialogues and friendship bridges we have established strengthen our relations day by day within the framework of cooperation.<\/p><p>It is this encouragement and motivation from you that always makes us strong against other factors that hinder our economy. We hope that we have not let your trust in THERMAL aluminum company go to waste until today. We want you to know that we will work tirelessly to be worthy of this trust. We would like to thank you for everything.<\/p><\/div>\n\t\t\t\t<\/div>\n\t\t\t\t<\/div>\n\t\t\t\t\t\t<\/div>\n\t\t\t<\/div>\n\t\t<\/div>\n\t\t\t\t\t\t<\/div>\n\t\t\t<\/div>\n\t\t<\/section>\n\t\t\t\t<section class=\"elementor-element elementor-element-bde0884 elementor-section-boxed elementor-section-height-default elementor-section-height-default elementor-section elementor-top-section\" data-id=\"bde0884\" data-element_type=\"section\" data-settings=\"{&quot;background_background&quot;:&quot;classic&quot;}\">\n\t\t\t\t\t\t\t<div class=\"elementor-background-overlay\"><\/div>\n\t\t\t\t\t\t\t<div class=\"elementor-container elementor-column-gap-default\">\n\t\t\t\t<div class=\"elementor-row\">\n\t\t\t\t<div class=\"elementor-element elementor-element-602c0136 elementor-column elementor-col-100 elementor-top-column\" data-id=\"602c0136\" data-element_type=\"column\">\n\t\t\t<div class=\"elementor-column-wrap  elementor-element-populated\">\n\t\t\t\t\t<div class=\"elementor-widget-wrap\">\n\t\t\t\t<div class=\"elementor-element elementor-element-4617435e elementor-widget elementor-widget-text-editor\" data-id=\"4617435e\" data-element_type=\"widget\" data-widget_type=\"text-editor.default\">\n\t\t\t\t<div class=\"elementor-widget-container\">\n\t\t\t\t\t<div class=\"elementor-text-editor elementor-clearfix\"><p>Our Vision...<\/p><\/div>\n\t\t\t\t<\/div>\n\t\t\t\t<\/div>\n\t\t\t\t<div class=\"elementor-element elementor-element-6dfe6492 elementor-widget elementor-widget-text-editor\" data-id=\"6dfe6492\" data-element_type=\"widget\" data-widget_type=\"text-editor.default\">\n\t\t\t\t<div class=\"elementor-widget-container\">\n\t\t\t\t\t<div class=\"elementor-text-editor elementor-clearfix\"><p>Equipped with its architectural solution and project production skills, it is to take a pioneering role in high moral standards in the supply of equipment, technical and technological products that will provide competitive difference and satisfaction to our customers.<\/p><\/div>\n\t\t\t\t<\/div>\n\t\t\t\t<\/div>\n\t\t\t\t\t\t<\/div>\n\t\t\t<\/div>\n\t\t<\/div>\n\t\t\t\t\t\t<\/div>\n\t\t\t<\/div>\n\t\t<\/section>\n\t\t\t\t<section class=\"elementor-element elementor-element-25f1d37 elementor-section-boxed elementor-section-height-default elementor-section-height-default elementor-section elementor-top-section\" data-id=\"25f1d37\" data-element_type=\"section\" data-settings=\"{&quot;background_background&quot;:&quot;classic&quot;}\">\n\t\t\t\t\t\t<div class=\"elementor-container elementor-column-gap-default\">\n\t\t\t\t<div class=\"elementor-row\">\n\t\t\t\t<div class=\"elementor-element elementor-element-5345f858 elementor-column elementor-col-33 elementor-top-column\" data-id=\"5345f858\" data-element_type=\"column\">\n\t\t\t<div class=\"elementor-column-wrap  elementor-element-populated\">\n\t\t\t\t\t<div class=\"elementor-widget-wrap\">\n\t\t\t\t<div class=\"elementor-element elementor-element-7bab4db5 elementor-widget elementor-widget-image\" data-id=\"7bab4db5\" data-element_type=\"widget\" data-widget_type=\"image.default\">\n\t\t\t\t<div class=\"elementor-widget-container\">\n\t\t\t\t\t<div class=\"elementor-image\">\n\t\t\t\t\t\t\t\t\t\t<img width=\"911\" height=\"1024\" src=\"http:\/\/www.thermalaluminyum.com\/wp-content\/uploads\/2020\/11\/thermal_016-1-911x1024.jpg\" class=\"attachment-large size-large\" alt=\"\" loading=\"lazy\" srcset=\"http:\/\/www.thermalaluminyum.com\/wp-content\/uploads\/2020\/11\/thermal_016-1-911x1024.jpg 911w, http:\/\/www.thermalaluminyum.com\/wp-content\/uploads\/2020\/11\/thermal_016-1-267x300.jpg 267w, http:\/\/www.thermalaluminyum.com\/wp-content\/uploads\/2020\/11\/thermal_016-1-768x863.jpg 768w, http:\/\/www.thermalaluminyum.com\/wp-content\/uploads\/2020\/11\/thermal_016-1-1367x1536.jpg 1367w, http:\/\/www.thermalaluminyum.com\/wp-content\/uploads\/2020\/11\/thermal_016-1.jpg 1444w\" sizes=\"(max-width: 911px) 100vw, 911px\" \/>\t\t\t\t\t\t\t\t\t\t\t<\/div>\n\t\t\t\t<\/div>\n\t\t\t\t<\/div>\n\t\t\t\t\t\t<\/div>\n\t\t\t<\/div>\n\t\t<\/div>\n\t\t\t\t<div class=\"elementor-element elementor-element-11ba75cc elementor-column elementor-col-66 elementor-top-column\" data-id=\"11ba75cc\" data-element_type=\"column\">\n\t\t\t<div class=\"elementor-column-wrap  elementor-element-populated\">\n\t\t\t\t\t<div class=\"elementor-widget-wrap\">\n\t\t\t\t<section class=\"elementor-element elementor-element-d558f51 elementor-section-boxed elementor-section-height-default elementor-section-height-default elementor-section elementor-top-section\" data-id=\"d558f51\" data-element_type=\"section\">\n\t\t\t\t\t\t<div class=\"elementor-container elementor-column-gap-default\">\n\t\t\t\t<div class=\"elementor-row\">\n\t\t\t\t<div class=\"elementor-element elementor-element-fb1d901 elementor-column elementor-col-100 elementor-top-column\" data-id=\"fb1d901\" data-element_type=\"column\">\n\t\t\t<div class=\"elementor-column-wrap  elementor-element-populated\">\n\t\t\t\t\t<div class=\"elementor-widget-wrap\">\n\t\t\t\t<div class=\"elementor-element elementor-element-6c1c4e91 elementor-widget elementor-widget-heading\" data-id=\"6c1c4e91\" data-element_type=\"widget\" data-widget_type=\"heading.default\">\n\t\t\t\t<div class=\"elementor-widget-container\">\n\t\t\t<h2 class=\"elementor-heading-title elementor-size-default\">Our Mission<\/h2>\t\t<\/div>\n\t\t\t\t<\/div>\n\t\t\t\t<div class=\"elementor-element elementor-element-5f11beac elementor-widget elementor-widget-text-editor\" data-id=\"5f11beac\" data-element_type=\"widget\" data-widget_type=\"text-editor.default\">\n\t\t\t\t<div class=\"elementor-widget-container\">\n\t\t\t\t\t<div class=\"elementor-text-editor elementor-clearfix\"><p>Ever since humans have a place to stay, they need to \"beautify\" the place they live in, make it useful and add value to it. Today, these expectations are reflected in every place (houses, workplaces, shopping centers and even streets) where people spend their lives.<\/p><p>People demand that all the spaces where they spend their time increase in usefulness while being more aesthetically pleasing in architecture, keep transparency and view at the highest level while being safer against dangers, become more environmentally friendly in a way that minimizes energy consumption while being air-conditioned more easily, and similar changes.<\/p><p>In order to decide how to meet this ongoing need, we first identified our abilities, what we can do and what we cannot do. We positioned ourselves as a \u201ccurtain wall company\u201d. In our opinion, the facade company is a company that works with the focus of innovations that create economic benefits, buys the works that everyone does, buys the standard, designs and produces the works that not everyone can do but that create added value. For this company, the words design, idea, patent, difference are indispensable.<\/p><p>In an environment created by all your needs, our mission is to design innovative architectural building equipments and to deliver these products to our customers with most appropriate way.<\/p><\/div>\n\t\t\t\t<\/div>\n\t\t\t\t<\/div>\n\t\t\t\t\t\t<\/div>\n\t\t\t<\/div>\n\t\t<\/div>\n\t\t\t\t\t\t<\/div>\n\t\t\t<\/div>\n\t\t<\/section>\n\t\t\t\t\t\t<\/div>\n\t\t\t<\/div>\n\t\t<\/div>\n\t\t\t\t\t\t<\/div>\n\t\t\t<\/div>\n\t\t<\/section>\n\t\t\t\t\t\t<\/div>\n\t\t\t<\/div>\n\t\t<\/div>","protected":false},"excerpt":{"rendered":"<p>Hakk\u0131m\u0131zda http:\/\/www.thermalaluminyum.com\/wp-content\/uploads\/2021\/05\/intro_01.mp4 THERMAL Al\u00fcminyum Giydirme Cephe Sistemleri San. Tic. Ltd. \u015eti. Al\u00fcminyum sekt\u00f6r\u00fcndeki markala\u015fma ve ticari itibar\u0131n\u0131 y\u00fcceltme konusundaki ba\u015far\u0131s\u0131yla ad\u0131ndan s\u0131k\u00e7a s\u00f6zettirerek, bug\u00fcnlere gelmi\u015f ve ayd\u0131nl\u0131k bir gelece\u011fi vizyon edinmenin gururuyla, g\u00fc\u00e7l\u00fckler kar\u015f\u0131s\u0131nda y\u0131lmadan faaliyetlerini devam ettirmektedir. Ge\u00e7mi\u015ften bu yana s\u00fcregelen ve geli\u015fmekte olan portf\u00f6y\u00fcm\u00fcz ve ilkelerimiz do\u011frultusunda sundu\u011fumuz &#8220;kalite&#8221; , \u00e7al\u0131\u015fmalar\u0131m\u0131z\u0131n ciddiyeti ve [&hellip;]<\/p>","protected":false},"author":1,"featured_media":0,"parent":0,"menu_order":0,"comment_status":"closed","ping_status":"closed","template":"","meta":[],"folder":[],"_links":{"self":[{"href":"http:\/\/www.thermalaluminyum.com\/en\/wp-json\/wp\/v2\/pages\/248"}],"collection":[{"href":"http:\/\/www.thermalaluminyum.com\/en\/wp-json\/wp\/v2\/pages"}],"about":[{"href":"http:\/\/www.thermalaluminyum.com\/en\/wp-json\/wp\/v2\/types\/page"}],"author":[{"embeddable":true,"href":"http:\/\/www.thermalaluminyum.com\/en\/wp-json\/wp\/v2\/users\/1"}],"replies":[{"embeddable":true,"href":"http:\/\/www.thermalaluminyum.com\/en\/wp-json\/wp\/v2\/comments?post=248"}],"version-history":[{"count":12,"href":"http:\/\/www.thermalaluminyum.com\/en\/wp-json\/wp\/v2\/pages\/248\/revisions"}],"predecessor-version":[{"id":1223,"href":"http:\/\/www.thermalaluminyum.com\/en\/wp-json\/wp\/v2\/pages\/248\/revisions\/1223"}],"wp:attachment":[{"href":"http:\/\/www.thermalaluminyum.com\/en\/wp-json\/wp\/v2\/media?parent=248"}],"wp:term":[{"taxonomy":"folder","embeddable":true,"href":"http:\/\/www.thermalaluminyum.com\/en\/wp-json\/wp\/v2\/folder?post=248"}],"curies":[{"name":"wp","href":"https:\/\/api.w.org\/{rel}","templated":true}]}}