{"id":35,"date":"2016-11-29T01:21:42","date_gmt":"2016-11-29T01:21:42","guid":{"rendered":"https:\/\/oceanwp.org\/stylish\/?page_id=35"},"modified":"2020-11-27T08:17:21","modified_gmt":"2020-11-27T08:17:21","slug":"about","status":"publish","type":"page","link":"http:\/\/www.thermalaluminyum.com\/en\/about\/","title":{"rendered":"About"},"content":{"rendered":"<div data-elementor-type=\"wp-page\" data-elementor-id=\"35\" class=\"elementor elementor-35\" data-elementor-settings=\"[]\">\n\t\t\t<div class=\"elementor-inner\">\n\t\t\t\t<div class=\"elementor-section-wrap\">\n\t\t\t\t\t\t\t<section class=\"elementor-element elementor-element-qflue6d elementor-section-height-min-height elementor-section-stretched elementor-section-boxed elementor-section-height-default elementor-section-items-middle elementor-section elementor-top-section\" data-id=\"qflue6d\" data-element_type=\"section\" data-settings=\"{&quot;background_background&quot;:&quot;classic&quot;,&quot;stretch_section&quot;:&quot;section-stretched&quot;}\">\n\t\t\t\t\t\t\t<div class=\"elementor-background-overlay\"><\/div>\n\t\t\t\t\t\t\t<div class=\"elementor-container elementor-column-gap-default\">\n\t\t\t\t<div class=\"elementor-row\">\n\t\t\t\t<div class=\"elementor-element elementor-element-d370te9 elementor-column elementor-col-100 elementor-top-column\" data-id=\"d370te9\" data-element_type=\"column\">\n\t\t\t<div class=\"elementor-column-wrap  elementor-element-populated\">\n\t\t\t\t\t<div class=\"elementor-widget-wrap\">\n\t\t\t\t<div class=\"elementor-element elementor-element-q7kzudq elementor-widget elementor-widget-heading\" data-id=\"q7kzudq\" data-element_type=\"widget\" data-widget_type=\"heading.default\">\n\t\t\t\t<div class=\"elementor-widget-container\">\n\t\t\t<h2 class=\"elementor-heading-title elementor-size-default\">About Us<\/h2>\t\t<\/div>\n\t\t\t\t<\/div>\n\t\t\t\t\t\t<\/div>\n\t\t\t<\/div>\n\t\t<\/div>\n\t\t\t\t\t\t<\/div>\n\t\t\t<\/div>\n\t\t<\/section>\n\t\t\t\t<section class=\"elementor-element elementor-element-tkml1zg elementor-section-boxed elementor-section-height-default elementor-section-height-default elementor-section elementor-top-section\" data-id=\"tkml1zg\" data-element_type=\"section\">\n\t\t\t\t\t\t<div class=\"elementor-container elementor-column-gap-default\">\n\t\t\t\t<div class=\"elementor-row\">\n\t\t\t\t<div class=\"elementor-element elementor-element-97j26r1 elementor-column elementor-col-100 elementor-top-column\" data-id=\"97j26r1\" data-element_type=\"column\">\n\t\t\t<div class=\"elementor-column-wrap  elementor-element-populated\">\n\t\t\t\t\t<div class=\"elementor-widget-wrap\">\n\t\t\t\t<div class=\"elementor-element elementor-element-u2ig30t elementor-widget elementor-widget-text-editor\" data-id=\"u2ig30t\" data-element_type=\"widget\" data-widget_type=\"text-editor.default\">\n\t\t\t\t<div class=\"elementor-widget-container\">\n\t\t\t\t\t<div class=\"elementor-text-editor elementor-clearfix\"><p>THERMAL Al\u00fcminyum Giydirme Cephe Sistemleri San. Tic. Ltd. \u015eti. continues its activities in the face of difficulties, with the pride of acquiring a vision of a bright future that has come to this day, by making a name for itself with its success in branding and promoting its commercial reputation in the aluminum sector.<\/p><p>Our ongoing and developing portfolio and the \u201cquality\u201d we offer in line with our principles is the strongest proof of the seriousness and importance of our work. We have no doubt that the energy and inspiration we receive from our valued customers, will lead us to our future positive goals. In this journey we started with you, the solid dialogues and friendship bridges we have established strengthen our relations day by day within the framework of cooperation.<\/p><p>It is this encouragement and motivation from you that always makes us strong against other factors that hinder our economy. We hope that we have not let your trust in THERMAL aluminum company go to waste until today. We want you to know that we will work tirelessly to be worthy of this trust. We would like to thank you for everything.<\/p><\/div>\n\t\t\t\t<\/div>\n\t\t\t\t<\/div>\n\t\t\t\t\t\t<\/div>\n\t\t\t<\/div>\n\t\t<\/div>\n\t\t\t\t\t\t<\/div>\n\t\t\t<\/div>\n\t\t<\/section>\n\t\t\t\t<section class=\"elementor-element elementor-element-fc7311e elementor-section-boxed elementor-section-height-default elementor-section-height-default elementor-section elementor-top-section\" data-id=\"fc7311e\" data-element_type=\"section\">\n\t\t\t\t\t\t<div class=\"elementor-container elementor-column-gap-default\">\n\t\t\t\t<div class=\"elementor-row\">\n\t\t\t\t<div class=\"elementor-element elementor-element-d896113 elementor-column elementor-col-100 elementor-top-column\" data-id=\"d896113\" data-element_type=\"column\">\n\t\t\t<div class=\"elementor-column-wrap\">\n\t\t\t\t\t<div class=\"elementor-widget-wrap\">\n\t\t\t\t\t\t<\/div>\n\t\t\t<\/div>\n\t\t<\/div>\n\t\t\t\t\t\t<\/div>\n\t\t\t<\/div>\n\t\t<\/section>\n\t\t\t\t<section class=\"elementor-element elementor-element-141ef01 elementor-section-stretched elementor-section-boxed elementor-section-height-default elementor-section-height-default elementor-section elementor-top-section\" data-id=\"141ef01\" data-element_type=\"section\" data-settings=\"{&quot;background_background&quot;:&quot;classic&quot;,&quot;stretch_section&quot;:&quot;section-stretched&quot;}\">\n\t\t\t\t\t\t\t<div class=\"elementor-background-overlay\"><\/div>\n\t\t\t\t\t\t\t<div class=\"elementor-container elementor-column-gap-default\">\n\t\t\t\t<div class=\"elementor-row\">\n\t\t\t\t<div class=\"elementor-element elementor-element-87029f3 elementor-column elementor-col-100 elementor-top-column\" data-id=\"87029f3\" data-element_type=\"column\">\n\t\t\t<div class=\"elementor-column-wrap  elementor-element-populated\">\n\t\t\t\t\t<div class=\"elementor-widget-wrap\">\n\t\t\t\t<div class=\"elementor-element elementor-element-732b447 elementor-widget elementor-widget-text-editor\" data-id=\"732b447\" data-element_type=\"widget\" data-widget_type=\"text-editor.default\">\n\t\t\t\t<div class=\"elementor-widget-container\">\n\t\t\t\t\t<div class=\"elementor-text-editor elementor-clearfix\"><p>Our Vision...<\/p><\/div>\n\t\t\t\t<\/div>\n\t\t\t\t<\/div>\n\t\t\t\t<div class=\"elementor-element elementor-element-12958cd elementor-widget elementor-widget-text-editor\" data-id=\"12958cd\" data-element_type=\"widget\" data-widget_type=\"text-editor.default\">\n\t\t\t\t<div class=\"elementor-widget-container\">\n\t\t\t\t\t<div class=\"elementor-text-editor elementor-clearfix\"><p>Equipped with its architectural solution and project production skills, it is to take a pioneering role in high moral standards in the supply of equipment, technical and technological products that will provide competitive difference and satisfaction to our customers.<\/p><\/div>\n\t\t\t\t<\/div>\n\t\t\t\t<\/div>\n\t\t\t\t\t\t<\/div>\n\t\t\t<\/div>\n\t\t<\/div>\n\t\t\t\t\t\t<\/div>\n\t\t\t<\/div>\n\t\t<\/section>\n\t\t\t\t<section class=\"elementor-element elementor-element-f9d3137 elementor-section-height-min-height elementor-section-content-middle elementor-section-stretched elementor-section-boxed elementor-section-height-default elementor-section-items-middle elementor-section elementor-top-section\" data-id=\"f9d3137\" data-element_type=\"section\" data-settings=\"{&quot;background_background&quot;:&quot;classic&quot;,&quot;stretch_section&quot;:&quot;section-stretched&quot;}\">\n\t\t\t\t\t\t\t<div class=\"elementor-background-overlay\"><\/div>\n\t\t\t\t\t\t\t<div class=\"elementor-container elementor-column-gap-default\">\n\t\t\t\t<div class=\"elementor-row\">\n\t\t\t\t<div class=\"elementor-element elementor-element-1708bcbe elementor-column elementor-col-100 elementor-top-column\" data-id=\"1708bcbe\" data-element_type=\"column\">\n\t\t\t<div class=\"elementor-column-wrap  elementor-element-populated\">\n\t\t\t\t\t<div class=\"elementor-widget-wrap\">\n\t\t\t\t<section class=\"elementor-element elementor-element-5835975f elementor-section-boxed elementor-section-height-default elementor-section-height-default elementor-section elementor-top-section\" data-id=\"5835975f\" data-element_type=\"section\" data-settings=\"{&quot;background_background&quot;:&quot;classic&quot;}\">\n\t\t\t\t\t\t<div class=\"elementor-container elementor-column-gap-default\">\n\t\t\t\t<div class=\"elementor-row\">\n\t\t\t\t<div class=\"elementor-element elementor-element-6bd9d078 elementor-column elementor-col-33 elementor-top-column\" data-id=\"6bd9d078\" data-element_type=\"column\">\n\t\t\t<div class=\"elementor-column-wrap  elementor-element-populated\">\n\t\t\t\t\t<div class=\"elementor-widget-wrap\">\n\t\t\t\t<div class=\"elementor-element elementor-element-2958f0b4 elementor-widget elementor-widget-image\" data-id=\"2958f0b4\" data-element_type=\"widget\" data-widget_type=\"image.default\">\n\t\t\t\t<div class=\"elementor-widget-container\">\n\t\t\t\t\t<div class=\"elementor-image\">\n\t\t\t\t\t\t\t\t\t\t<img width=\"911\" height=\"1024\" src=\"http:\/\/www.thermalaluminyum.com\/wp-content\/uploads\/2020\/11\/thermal_016-911x1024.jpg\" class=\"attachment-large size-large\" alt=\"\" loading=\"lazy\" srcset=\"http:\/\/www.thermalaluminyum.com\/wp-content\/uploads\/2020\/11\/thermal_016-911x1024.jpg 911w, http:\/\/www.thermalaluminyum.com\/wp-content\/uploads\/2020\/11\/thermal_016-267x300.jpg 267w, http:\/\/www.thermalaluminyum.com\/wp-content\/uploads\/2020\/11\/thermal_016-768x863.jpg 768w, http:\/\/www.thermalaluminyum.com\/wp-content\/uploads\/2020\/11\/thermal_016-1367x1536.jpg 1367w, http:\/\/www.thermalaluminyum.com\/wp-content\/uploads\/2020\/11\/thermal_016.jpg 1444w\" sizes=\"(max-width: 911px) 100vw, 911px\" \/>\t\t\t\t\t\t\t\t\t\t\t<\/div>\n\t\t\t\t<\/div>\n\t\t\t\t<\/div>\n\t\t\t\t\t\t<\/div>\n\t\t\t<\/div>\n\t\t<\/div>\n\t\t\t\t<div class=\"elementor-element elementor-element-75d72af5 elementor-column elementor-col-66 elementor-top-column\" data-id=\"75d72af5\" data-element_type=\"column\">\n\t\t\t<div class=\"elementor-column-wrap  elementor-element-populated\">\n\t\t\t\t\t<div class=\"elementor-widget-wrap\">\n\t\t\t\t<section class=\"elementor-element elementor-element-6427ba18 elementor-section-boxed elementor-section-height-default elementor-section-height-default elementor-section elementor-top-section\" data-id=\"6427ba18\" data-element_type=\"section\">\n\t\t\t\t\t\t<div class=\"elementor-container elementor-column-gap-default\">\n\t\t\t\t<div class=\"elementor-row\">\n\t\t\t\t<div class=\"elementor-element elementor-element-4d2860e1 elementor-column elementor-col-100 elementor-top-column\" data-id=\"4d2860e1\" data-element_type=\"column\">\n\t\t\t<div class=\"elementor-column-wrap  elementor-element-populated\">\n\t\t\t\t\t<div class=\"elementor-widget-wrap\">\n\t\t\t\t<div class=\"elementor-element elementor-element-2e0617ef elementor-widget elementor-widget-heading\" data-id=\"2e0617ef\" data-element_type=\"widget\" data-widget_type=\"heading.default\">\n\t\t\t\t<div class=\"elementor-widget-container\">\n\t\t\t<h2 class=\"elementor-heading-title elementor-size-default\">Our Mission<\/h2>\t\t<\/div>\n\t\t\t\t<\/div>\n\t\t\t\t<div class=\"elementor-element elementor-element-58c37a92 elementor-widget elementor-widget-text-editor\" data-id=\"58c37a92\" data-element_type=\"widget\" data-widget_type=\"text-editor.default\">\n\t\t\t\t<div class=\"elementor-widget-container\">\n\t\t\t\t\t<div class=\"elementor-text-editor elementor-clearfix\"><p>Ever since humans have a place to stay, they need to \"beautify\" the place they live in, make it useful and add value to it. Today, these expectations are reflected in every place (houses, workplaces, shopping centers and even streets) where people spend their lives. Of all the places where people spend their time;<\/p><p>Mimari olarak daha estetik olurken kullan\u0131\u015fl\u0131l\u0131\u011f\u0131n\u0131n da artmas\u0131n\u0131,<br \/>Tehlikelere kar\u015f\u0131 daha g\u00fcvenli olurken \u015feffafl\u0131l\u0131\u011f\u0131n\u0131n ve manzaras\u0131n\u0131n en \u00fcst d\u00fczeyde kalmas\u0131n\u0131, daha kolay iklimlendirilirken enerji t\u00fcketiminin en aza indirecek \u015fekilde \u00e7evreye duyarl\u0131 hale gelmesini, ve benzeri de\u011fi\u015fimleri talep etmektedirler.<\/p><p>In order to decide how to meet this ongoing need, we first identified our abilities, what we can do and what we cannot do. We positioned ourselves as a \u201ccurtain wall company\u201d. In our opinion, the facade company is a company that works with the focus of innovations that create economic benefits, buys the works that everyone does, buys the standard, designs and produces the works that not everyone can do but that create added value. For this company, the words design, idea, patent, difference are indispensable.<\/p><p>In an environment created by all your needs, our mission is to design innovative architectural building equipments and to deliver these products to our customers with most appropriate way.<\/p><\/div>\n\t\t\t\t<\/div>\n\t\t\t\t<\/div>\n\t\t\t\t\t\t<\/div>\n\t\t\t<\/div>\n\t\t<\/div>\n\t\t\t\t\t\t<\/div>\n\t\t\t<\/div>\n\t\t<\/section>\n\t\t\t\t\t\t<\/div>\n\t\t\t<\/div>\n\t\t<\/div>\n\t\t\t\t\t\t<\/div>\n\t\t\t<\/div>\n\t\t<\/section>\n\t\t\t\t\t\t<\/div>\n\t\t\t<\/div>\n\t\t<\/div>\n\t\t\t\t\t\t<\/div>\n\t\t\t<\/div>\n\t\t<\/section>\n\t\t\t\t\t\t<\/div>\n\t\t\t<\/div>\n\t\t<\/div>","protected":false},"excerpt":{"rendered":"<p>Hakk\u0131m\u0131zda THERMAL Al\u00fcminyum Giydirme Cephe Sistemleri San. Tic. Ltd. \u015eti. Al\u00fcminyum sekt\u00f6r\u00fcndeki markala\u015fma ve ticari itibar\u0131n\u0131 y\u00fcceltme konusundaki ba\u015far\u0131s\u0131yla ad\u0131ndan s\u0131k\u00e7a s\u00f6zettirerek, bug\u00fcnlere gelmi\u015f ve ayd\u0131nl\u0131k bir gelece\u011fi vizyon edinmenin gururuyla, g\u00fc\u00e7l\u00fckler kar\u015f\u0131s\u0131nda y\u0131lmadan faaliyetlerini devam ettirmektedir. Ge\u00e7mi\u015ften bu yana s\u00fcregelen ve geli\u015fmekte olan portf\u00f6y\u00fcm\u00fcz ve ilkelerimiz do\u011frultusunda sundu\u011fumuz &#8220;kalite&#8221; , \u00e7al\u0131\u015fmalar\u0131m\u0131z\u0131n ciddiyeti ve \u00f6neminin [&hellip;]<\/p>","protected":false},"author":1,"featured_media":0,"parent":0,"menu_order":0,"comment_status":"closed","ping_status":"closed","template":"","meta":[],"folder":[],"_links":{"self":[{"href":"http:\/\/www.thermalaluminyum.com\/en\/wp-json\/wp\/v2\/pages\/35"}],"collection":[{"href":"http:\/\/www.thermalaluminyum.com\/en\/wp-json\/wp\/v2\/pages"}],"about":[{"href":"http:\/\/www.thermalaluminyum.com\/en\/wp-json\/wp\/v2\/types\/page"}],"author":[{"embeddable":true,"href":"http:\/\/www.thermalaluminyum.com\/en\/wp-json\/wp\/v2\/users\/1"}],"replies":[{"embeddable":true,"href":"http:\/\/www.thermalaluminyum.com\/en\/wp-json\/wp\/v2\/comments?post=35"}],"version-history":[{"count":8,"href":"http:\/\/www.thermalaluminyum.com\/en\/wp-json\/wp\/v2\/pages\/35\/revisions"}],"predecessor-version":[{"id":246,"href":"http:\/\/www.thermalaluminyum.com\/en\/wp-json\/wp\/v2\/pages\/35\/revisions\/246"}],"wp:attachment":[{"href":"http:\/\/www.thermalaluminyum.com\/en\/wp-json\/wp\/v2\/media?parent=35"}],"wp:term":[{"taxonomy":"folder","embeddable":true,"href":"http:\/\/www.thermalaluminyum.com\/en\/wp-json\/wp\/v2\/folder?post=35"}],"curies":[{"name":"wp","href":"https:\/\/api.w.org\/{rel}","templated":true}]}}