{"id":838,"date":"2021-04-29T06:49:14","date_gmt":"2021-04-29T06:49:14","guid":{"rendered":"http:\/\/master.numberonerapor.com\/?page_id=838"},"modified":"2021-04-29T06:53:42","modified_gmt":"2021-04-29T06:53:42","slug":"kalite-ve-cevre-politikamiz","status":"publish","type":"page","link":"http:\/\/www.thermalaluminyum.com\/en\/kalite-ve-cevre-politikamiz\/","title":{"rendered":"Our Quality and Environmental Policy"},"content":{"rendered":"<div data-elementor-type=\"wp-page\" data-elementor-id=\"838\" class=\"elementor elementor-838\" data-elementor-settings=\"[]\">\n\t\t\t<div class=\"elementor-inner\">\n\t\t\t\t<div class=\"elementor-section-wrap\">\n\t\t\t\t\t\t\t<section class=\"elementor-element elementor-element-6tvy454 elementor-section-height-min-height elementor-section-boxed elementor-section-height-default elementor-section-items-middle elementor-section elementor-top-section\" data-id=\"6tvy454\" data-element_type=\"section\" data-settings=\"{&quot;background_background&quot;:&quot;classic&quot;}\">\n\t\t\t\t\t\t\t<div class=\"elementor-background-overlay\"><\/div>\n\t\t\t\t\t\t\t<div class=\"elementor-container elementor-column-gap-default\">\n\t\t\t\t<div class=\"elementor-row\">\n\t\t\t\t<div class=\"elementor-element elementor-element-sk8ylc5 elementor-column elementor-col-100 elementor-top-column\" data-id=\"sk8ylc5\" data-element_type=\"column\">\n\t\t\t<div class=\"elementor-column-wrap  elementor-element-populated\">\n\t\t\t\t\t<div class=\"elementor-widget-wrap\">\n\t\t\t\t<div class=\"elementor-element elementor-element-8mmzn2w elementor-widget elementor-widget-heading\" data-id=\"8mmzn2w\" data-element_type=\"widget\" data-widget_type=\"heading.default\">\n\t\t\t\t<div class=\"elementor-widget-container\">\n\t\t\t<h2 class=\"elementor-heading-title elementor-size-default\">Our Quality, Occupational Health&Safety and Environmental Policy<\/h2>\t\t<\/div>\n\t\t\t\t<\/div>\n\t\t\t\t<div class=\"elementor-element elementor-element-vw83nta elementor-widget elementor-widget-divider\" data-id=\"vw83nta\" data-element_type=\"widget\" data-widget_type=\"divider.default\">\n\t\t\t\t<div class=\"elementor-widget-container\">\n\t\t\t\t\t<div class=\"elementor-divider\">\n\t\t\t<span class=\"elementor-divider-separator\">\n\t\t\t\t\t\t<\/span>\n\t\t<\/div>\n\t\t\t\t<\/div>\n\t\t\t\t<\/div>\n\t\t\t\t\t\t<\/div>\n\t\t\t<\/div>\n\t\t<\/div>\n\t\t\t\t\t\t<\/div>\n\t\t\t<\/div>\n\t\t<\/section>\n\t\t\t\t<section class=\"elementor-element elementor-element-8de2f91 elementor-section-boxed elementor-section-height-default elementor-section-height-default elementor-section elementor-top-section\" data-id=\"8de2f91\" data-element_type=\"section\">\n\t\t\t\t\t\t<div class=\"elementor-container elementor-column-gap-default\">\n\t\t\t\t<div class=\"elementor-row\">\n\t\t\t\t<div class=\"elementor-element elementor-element-97j26r1 elementor-column elementor-col-100 elementor-top-column\" data-id=\"97j26r1\" data-element_type=\"column\">\n\t\t\t<div class=\"elementor-column-wrap  elementor-element-populated\">\n\t\t\t\t\t<div class=\"elementor-widget-wrap\">\n\t\t\t\t<div class=\"elementor-element elementor-element-u2ig30t elementor-widget elementor-widget-text-editor\" data-id=\"u2ig30t\" data-element_type=\"widget\" data-widget_type=\"text-editor.default\">\n\t\t\t\t<div class=\"elementor-widget-container\">\n\t\t\t\t\t<div class=\"elementor-text-editor elementor-clearfix\"><p>As THERMAL Al\u00fcminyum Giydirme Cephe Sistemleri San. Tic. ve Ltd. \u015eti. our principles, which we will emphasize in all our works, are;<\/p><p>Ensuring customer satisfaction,<br \/>To operate in accordance with contract requirements, applicable legislation and standards,<br \/>Using the resources in the most efficient way, protecting the environment and preventing pollution with the awareness of \"Respect for the Environment\",<br \/>To operate in a way to protect the health and safety of employees, to prevent injuries and occupational diseases,<br \/>Continuous improvement in quality, environment, occupational health and safety issues,<br \/>Protecting and increasing the workforce, accumulation and financial strength of our institution.<\/p><p>In line with all these principles, it is aimed to increase the value added to our employees and the society, not to harm the environment, to provide the necessary working conditions for occupational health and safety, zero accident and zero danger. It will be a source of pride for us to adopt these principles by all our employees and to be known and understood by all the institutions and organizations we work with.<\/p><p>We are committed to working in accordance with the determined conditions, especially the senior management. The total participation and full support of our personnel working for this purpose is essential.<\/p><\/div>\n\t\t\t\t<\/div>\n\t\t\t\t<\/div>\n\t\t\t\t\t\t<\/div>\n\t\t\t<\/div>\n\t\t<\/div>\n\t\t\t\t\t\t<\/div>\n\t\t\t<\/div>\n\t\t<\/section>\n\t\t\t\t\t\t<\/div>\n\t\t\t<\/div>\n\t\t<\/div>","protected":false},"excerpt":{"rendered":"<p>Kalite, \u0130SG ve \u00c7evre Politikam\u0131z THERMAL Al\u00fcminyum Giydirme Cephe Sistemleri San. Tic. ve Ltd. \u015eti. olarak Yapaca\u011f\u0131m\u0131z t\u00fcm \u00e7al\u0131\u015fmalarda, \u00f6nemle \u00fczerinde duraca\u011f\u0131m\u0131z ilkelerimiz; M\u00fc\u015fteri memnuniyetinin sa\u011flanmas\u0131,S\u00f6zle\u015fme gereklerine, y\u00fcr\u00fcrl\u00fckte olan ilgili yasal mevzuata ve standartlara uygun olarak faaliyet g\u00f6sterilmesi,\u201c\u00c7evre Sayg\u0131\u201d bilinci ile kaynaklar\u0131n en verimli \u015fekilde kullan\u0131lmas\u0131, \u00e7evrenin korunmas\u0131 ve kirlili\u011fin \u00f6nlenmesi,\u00c7al\u0131\u015fanlar\u0131n sa\u011fl\u0131\u011f\u0131n\u0131 koruyacak ve g\u00fcvenli\u011fini [&hellip;]<\/p>","protected":false},"author":1,"featured_media":0,"parent":0,"menu_order":0,"comment_status":"closed","ping_status":"closed","template":"","meta":[],"folder":[],"_links":{"self":[{"href":"http:\/\/www.thermalaluminyum.com\/en\/wp-json\/wp\/v2\/pages\/838"}],"collection":[{"href":"http:\/\/www.thermalaluminyum.com\/en\/wp-json\/wp\/v2\/pages"}],"about":[{"href":"http:\/\/www.thermalaluminyum.com\/en\/wp-json\/wp\/v2\/types\/page"}],"author":[{"embeddable":true,"href":"http:\/\/www.thermalaluminyum.com\/en\/wp-json\/wp\/v2\/users\/1"}],"replies":[{"embeddable":true,"href":"http:\/\/www.thermalaluminyum.com\/en\/wp-json\/wp\/v2\/comments?post=838"}],"version-history":[{"count":2,"href":"http:\/\/www.thermalaluminyum.com\/en\/wp-json\/wp\/v2\/pages\/838\/revisions"}],"predecessor-version":[{"id":841,"href":"http:\/\/www.thermalaluminyum.com\/en\/wp-json\/wp\/v2\/pages\/838\/revisions\/841"}],"wp:attachment":[{"href":"http:\/\/www.thermalaluminyum.com\/en\/wp-json\/wp\/v2\/media?parent=838"}],"wp:term":[{"taxonomy":"folder","embeddable":true,"href":"http:\/\/www.thermalaluminyum.com\/en\/wp-json\/wp\/v2\/folder?post=838"}],"curies":[{"name":"wp","href":"https:\/\/api.w.org\/{rel}","templated":true}]}}